{"id":157,"date":"2016-02-12T16:15:52","date_gmt":"2016-02-12T16:15:52","guid":{"rendered":"https:\/\/braun-klabes.de\/?page_id=157"},"modified":"2025-01-20T15:46:11","modified_gmt":"2025-01-20T15:46:11","slug":"aktuelles","status":"publish","type":"page","link":"https:\/\/braun-klabes.de\/","title":{"rendered":""},"content":{"rendered":"<div id=\"pl-157\" class=\"panel-layout\">\n<div id=\"pg-157-0\" class=\"panel-grid panel-no-style\">\n<div id=\"pgc-157-0-0\" class=\"panel-grid-cell\" data-weight=\"1\">\n<div id=\"panel-157-0-0-0\" class=\"so-panel widget widget_bwp_gallery bwp_gallery panel-first-child panel-last-child\" data-index=\"0\" data-style=\"{&quot;background_display&quot;:&quot;tile&quot;}\">\n<div id=\"pl-157\" class=\"panel-layout\">\n<div id=\"pg-157-0\" class=\"panel-grid panel-no-style\">\n<div id=\"pgc-157-0-0\" class=\"panel-grid-cell\" data-weight=\"1\">\n<div id=\"panel-157-0-0-0\" class=\"so-panel widget widget_bwp_gallery bwp_gallery panel-first-child panel-last-child\" data-index=\"0\" data-style=\"{&quot;background_display&quot;:&quot;tile&quot;}\">\n<h1>Braun-Klabes | Hundespezialisten<\/h1>\n<\/div>\n<p><em>Herzlich willkommen auf unserer Internetseite. Sch\u00f6n, dass Ihr bei uns seid!\u00a0<\/em><\/p>\n<h2 dir=\"auto\">Unser Hundehotel als R\u00fcckzugsort f\u00fcr eure Vierbeiner.<\/h2>\n<p dir=\"auto\">Nicht nur zu Silvester, auch in den anstehenden Urlaubszeiten k\u00f6nnt ihr eure Lieblinge bei uns in die Herberge geben. An Silvester wurde wieder \u00fcberm\u00e4\u00dfig viel geb\u00f6llert &#8211; das ist purer Stress f\u00fcr fast alle Hunde, nur wenige Jagdhunde lassen sich davon wenig beeindrucken. Dank der wundersch\u00f6nen Alleinlage im Steinfurter Scheddebrock im Dreieck Borghorst-Emsdetten-Nordwalde k\u00f6nnen wir hier Ruhe und Geborgheit bieten. Die <a href=\"https:\/\/www.ardmediathek.de\/video\/lokalzeit-muensterland\/lokalzeit-muensterland-oder-30-12-2024\/wdr-muenster\/Y3JpZDovL3dkci5kZS9CZWl0cmFnLXNvcGhvcmEtYzBhYjc1NGYtZjA1ZC00OTY5LTlhOWMtZGYxMWFlMWUxOTAw\">Lokalzeit M\u00fcnsterland besuchte uns. Hier bekommt ihr einen Eindruck, was z.B. an Silvester bei uns passiert<\/a> &#8211; fr\u00fche Reservierungen empfehlen sich nicht nur f\u00fcr die Urlaubszeit.<\/p>\n<\/div>\n<\/div>\n<div id=\"pg-157-0\" class=\"panel-grid panel-no-style\">\n<h2 dir=\"auto\">Hundeschule Braun-Klabes: Hundehotel, Besch\u00e4ftigung, Auslastung und Talentf\u00f6rderung f\u00fcr Eure Hunde.<\/h2>\n<p dir=\"auto\">Darf es noch etwas mehr als Spiel sein? Habt Ihr das Gef\u00fchl, Euer Hund leidet unter mangelndem Spielkontakt? Bei uns nicht! Wir haben unser Tagesst\u00e4ttenangebot noch einmal ausgebaut und k\u00f6nnen in verschiedenen Spielgruppen Euren Hunden breit gef\u00e4cherte Besch\u00e4ftigungen bieten.<\/p>\n<p dir=\"auto\">Ihr wollt in den Urlaub fahren oder seid inzwischen nicht mehr im Homeoffice, wollt Eure Vierbeiner also im Hundehotel unterbringen? Wir bieten Euren Sch\u00fctzlingen eine heimelige Umgebung &#8211; und das Beste: Sie haben bei uns Spielgef\u00e4hrten! <a href=\"https:\/\/braun-klabes.de\/?page_id=495\">F\u00fcr die Unterbringung im Hotel oder in der Hundetagesst\u00e4tte gelangt Ihr \u00fcber diese Seite<\/a>. beim Hundehotel wollen wir w\u00e4hrend der Ferien und damit zu den Zeiten, in denen unser Hundehotel 100% belegt ist, eine gewisse Kontinuit\u00e4t in den Hundegruppen gew\u00e4hrleisten. Das schaffen wir nur, wenn wir die Aufenthaltsdauer ausdehnen. In den Ferien lasst Ihr Eure Hunde also mindestens 7 Tage bei uns &#8211; wobei der erste und letzte Tag jeweils als Bring- und Abholtag z\u00e4hlt. Wir freuen uns auf Euch!<\/p>\n<\/div>\n<div id=\"pg-157-0\" class=\"panel-grid panel-no-style\">\n<div dir=\"auto\">\n<p><a href=\"https:\/\/braun-klabes.de\/wp-content\/uploads\/2021\/06\/Hundeschule-Braun-Klabes.jpg\"><img loading=\"lazy\" decoding=\"async\" class=\"aligncenter wp-image-1029 size-large\" src=\"https:\/\/braun-klabes.de\/wp-content\/uploads\/2021\/06\/Hundeschule-Braun-Klabes-1024x267.jpg\" alt=\"Hunderziehung: Spielend und spa\u00dfig lernen. Disziplin kommt bei uns aus der Entwicklung Eurer Hunde heraus\" width=\"920\" height=\"240\" srcset=\"https:\/\/braun-klabes.de\/wp-content\/uploads\/2021\/06\/Hundeschule-Braun-Klabes-1024x267.jpg 1024w, https:\/\/braun-klabes.de\/wp-content\/uploads\/2021\/06\/Hundeschule-Braun-Klabes-300x78.jpg 300w, https:\/\/braun-klabes.de\/wp-content\/uploads\/2021\/06\/Hundeschule-Braun-Klabes.jpg 1920w, https:\/\/braun-klabes.de\/wp-content\/uploads\/2021\/06\/Hundeschule-Braun-Klabes-600x156.jpg 600w\" sizes=\"(max-width: 920px) 100vw, 920px\" \/><\/a><\/p>\n<\/div>\n<div dir=\"auto\">Zus\u00e4tzlich zu Eurem Besuch auf dem Hundespielplatz bieten wir effektive Einzelausbildungseinheiten an. Kontaktiert uns einfach per Telefon oder Mail um einen Termin zu finden. So k\u00f6nnen wir gut planen und passende Spielpartner f\u00fcr Euren Hund finden, so dass z.B. Welpen mit Welpen oder uns bekannte freundliche R\u00fcden, Junghunde und H\u00fcndinnen miteinander spielen k\u00f6nnen.<\/div>\n<div dir=\"auto\"><\/div>\n<div id=\"pgc-157-0-0\" class=\"panel-grid-cell\" data-weight=\"1\">\n<div dir=\"auto\"><\/div>\n<p><img loading=\"lazy\" decoding=\"async\" class=\"aligncenter size-large wp-image-962\" src=\"https:\/\/braun-klabes.de\/wp-content\/uploads\/2020\/05\/Braun-Klabes-Casting-Wuff_2-1024x576.jpg\" alt=\"\" width=\"920\" height=\"518\" srcset=\"https:\/\/braun-klabes.de\/wp-content\/uploads\/2020\/05\/Braun-Klabes-Casting-Wuff_2-1024x576.jpg 1024w, https:\/\/braun-klabes.de\/wp-content\/uploads\/2020\/05\/Braun-Klabes-Casting-Wuff_2-300x169.jpg 300w, https:\/\/braun-klabes.de\/wp-content\/uploads\/2020\/05\/Braun-Klabes-Casting-Wuff_2.jpg 1920w, https:\/\/braun-klabes.de\/wp-content\/uploads\/2020\/05\/Braun-Klabes-Casting-Wuff_2-600x338.jpg 600w\" sizes=\"(max-width: 920px) 100vw, 920px\" \/><\/p>\n<\/div>\n<div id=\"pgc-157-0-0\" class=\"panel-grid-cell\" data-weight=\"1\">\n<div id=\"panel-157-0-0-0\" class=\"so-panel widget widget_bwp_gallery bwp_gallery panel-first-child panel-last-child\" data-index=\"0\" data-style=\"{&quot;background_display&quot;:&quot;tile&quot;}\">\n<h2>Durchgehend neue Hundekurse<\/h2>\n<p>Wir bieten durchgehend Welpenkurse, Junghundekurse und Familienbegleithundekurse in Einzelstunden und Gruppenkursen an. Je nach Einsatz und Wunschpr\u00e4gung, k\u00f6nnen wir Euch dar\u00fcber hinaus weitere Kurse f\u00fcr die dauerhaft gesunde Besch\u00e4ftigung Ihres Hundes vorschlagen: Man Trailing, Apportieren oder H\u00fctearbeit mit unserer eigenen Schafherde.<\/p>\n<p>Klingt klasse? Dann kontaktiert uns doch einfach unverbindlich! Wir freuen uns!<\/p>\n<\/div>\n<\/div>\n<\/div>\n<div id=\"pg-157-1\" class=\"panel-grid panel-no-style\" data-style=\"{&quot;background_display&quot;:&quot;tile&quot;}\">\n<div id=\"pgc-157-1-1\" class=\"panel-grid-cell\" data-weight=\"0.83\">\n<div id=\"panel-157-1-1-0\" class=\"so-panel widget widget_sow-editor panel-first-child panel-last-child\" data-index=\"1\" data-style=\"{&quot;background_image_attachment&quot;:false,&quot;background_display&quot;:&quot;tile&quot;}\">\n<div class=\"so-widget-sow-editor so-widget-sow-editor-base\">\n<div class=\"siteorigin-widget-tinymce textwidget\">\n<h2>Mit Hunden arbeiten<\/h2>\n<p>Im Hundehotel bieten wir nach Absprache Praktika als Orientierungs- oder auch Qualifizierungspraktikum an. Hier lernen Sie den Umgang mit Hunden, bekommen Einblicke in das komplexe Sozialverhalten der Tiere, die Pflege, Aufzucht und weitere interessante Einblicke in das Zusammenleben zwischen Hund und Mensch.<\/p>\n<p><img loading=\"lazy\" decoding=\"async\" class=\"aligncenter wp-image-639 size-large\" src=\"https:\/\/braun-klabes.de\/wp-content\/uploads\/2019\/09\/Braun-Klabes-Hundespezialisten-Juli-2019_24-1024x683.jpg\" alt=\"\" width=\"920\" height=\"614\" srcset=\"https:\/\/braun-klabes.de\/wp-content\/uploads\/2019\/09\/Braun-Klabes-Hundespezialisten-Juli-2019_24-1024x683.jpg 1024w, https:\/\/braun-klabes.de\/wp-content\/uploads\/2019\/09\/Braun-Klabes-Hundespezialisten-Juli-2019_24-600x400.jpg 600w, https:\/\/braun-klabes.de\/wp-content\/uploads\/2019\/09\/Braun-Klabes-Hundespezialisten-Juli-2019_24-300x200.jpg 300w\" sizes=\"(max-width: 920px) 100vw, 920px\" \/><\/p>\n<h2>Rohf\u00fctterung von Hunden &#8211; oder B.A.R.F.<\/h2>\n<p>Um das Thema artgerechte Ern\u00e4hrung von Hunden kommt eigentlich kein Hundebesitzer herum. Beim &#8222;BARFen&#8220; geht es genau darum. Erfahren Sie im Men\u00fcpunkt <a href=\"https:\/\/braun-klabes.de\/?page_id=19\">B.A.R.F.- Shop<\/a> n\u00e4here Informationen, unsere eigene Geschichte zum Thema und finden Sie weitere Details und <a href=\"https:\/\/braun-klabes.de\/?page_id=245\">Preise<\/a>.<\/p>\n<\/div>\n<\/div>\n<\/div>\n<\/div>\n<\/div>\n<\/div>\n<\/div>\n<\/div>\n<\/div>\n<\/div>\n","protected":false},"excerpt":{"rendered":"<p>Braun-Klabes | Hundespezialisten Herzlich willkommen auf unserer Internetseite. Sch\u00f6n, dass Ihr bei uns seid!\u00a0 Unser Hundehotel als R\u00fcckzugsort f\u00fcr eure Vierbeiner. Nicht nur zu Silvester, auch in den anstehenden Urlaubszeiten<\/p>\n<p class=\"more-link\"><a href=\"https:\/\/braun-klabes.de\/\" class=\"readmore\">Read More<svg class=\"icon icon-angle-right\" aria-hidden=\"true\" role=\"img\"> <use href=\"#icon-angle-right\" xlink:href=\"#icon-angle-right\"><\/use> <\/svg><span class=\"screen-reader-text\"><\/span><\/a><\/p>\n","protected":false},"author":1,"featured_media":0,"parent":0,"menu_order":0,"comment_status":"closed","ping_status":"closed","template":"","meta":{"footnotes":""},"_links":{"self":[{"href":"https:\/\/braun-klabes.de\/index.php?rest_route=\/wp\/v2\/pages\/157"}],"collection":[{"href":"https:\/\/braun-klabes.de\/index.php?rest_route=\/wp\/v2\/pages"}],"about":[{"href":"https:\/\/braun-klabes.de\/index.php?rest_route=\/wp\/v2\/types\/page"}],"author":[{"embeddable":true,"href":"https:\/\/braun-klabes.de\/index.php?rest_route=\/wp\/v2\/users\/1"}],"replies":[{"embeddable":true,"href":"https:\/\/braun-klabes.de\/index.php?rest_route=%2Fwp%2Fv2%2Fcomments&post=157"}],"version-history":[{"count":77,"href":"https:\/\/braun-klabes.de\/index.php?rest_route=\/wp\/v2\/pages\/157\/revisions"}],"predecessor-version":[{"id":1136,"href":"https:\/\/braun-klabes.de\/index.php?rest_route=\/wp\/v2\/pages\/157\/revisions\/1136"}],"wp:attachment":[{"href":"https:\/\/braun-klabes.de\/index.php?rest_route=%2Fwp%2Fv2%2Fmedia&parent=157"}],"curies":[{"name":"wp","href":"https:\/\/api.w.org\/{rel}","templated":true}]}}