{"id":17,"date":"2016-01-11T17:41:22","date_gmt":"2016-01-11T17:41:22","guid":{"rendered":"https:\/\/braun-klabes.de\/?page_id=17"},"modified":"2024-11-05T18:35:52","modified_gmt":"2024-11-05T18:35:52","slug":"hundetagesstaette","status":"publish","type":"page","link":"https:\/\/braun-klabes.de\/?page_id=17","title":{"rendered":"Hundetagesst\u00e4tte"},"content":{"rendered":"<h2>Bei uns ist Ihr Hund tags\u00fcber tierisch gut aufgehoben<\/h2>\n<p>Aus langj\u00e4hrigen Kontakten mit Hundebesitzern wissen wir, dass viele Ihrem Hund ein m\u00f6glichst artgerechtes und abwechslungsreiches Leben erm\u00f6glichen m\u00f6chten. Sie wissen, dass der Hund als soziales Rudeltier Sozialkontakte und gen\u00fcgend Zuwendung f\u00fcr ein gl\u00fcckliches Leben ben\u00f6tigt. Das braucht jedoch viel Zeit und Aufwand und manchmal sind diese Voraussetzungen von einer Person, oft ist es der Eigent\u00fcmer, aus beruflichen oder privaten Gr\u00fcnden nicht immer m\u00f6glich zu erbringen.<\/p>\n<p><img loading=\"lazy\" decoding=\"async\" class=\"aligncenter size-large wp-image-737\" src=\"https:\/\/braun-klabes.de\/wp-content\/uploads\/2019\/09\/Braun-Klabes-Hundespezialisten-Juli-2019_16-1024x683.jpg\" alt=\"\" width=\"920\" height=\"614\" srcset=\"https:\/\/braun-klabes.de\/wp-content\/uploads\/2019\/09\/Braun-Klabes-Hundespezialisten-Juli-2019_16-1024x683.jpg 1024w, https:\/\/braun-klabes.de\/wp-content\/uploads\/2019\/09\/Braun-Klabes-Hundespezialisten-Juli-2019_16-300x200.jpg 300w, https:\/\/braun-klabes.de\/wp-content\/uploads\/2019\/09\/Braun-Klabes-Hundespezialisten-Juli-2019_16-600x400.jpg 600w, https:\/\/braun-klabes.de\/wp-content\/uploads\/2019\/09\/Braun-Klabes-Hundespezialisten-Juli-2019_16-272x182.jpg 272w\" sizes=\"(max-width: 920px) 100vw, 920px\" \/><\/p>\n<p>Neben unserem sehr bew\u00e4hrten und <a href=\"https:\/\/braun-klabes.de\/?page_id=701\">beliebten Konzept des Hundehotels<\/a> f\u00fcr den mehrt\u00e4gigen Aufenthalt, haben wir nun auch eine feste Tagesgruppe, die speziell unseren Tagesg\u00e4sten vorbehalten ist.<\/p>\n<p>Im Tagesverlauf bildet die Kombination aus k\u00f6rperlicher und geistiger Auslastung, sowie regelm\u00e4\u00dfigen Ruhephasen einen ausgewogenen Aufenthalt in einer festen Gruppe von Sozialpartnern. Nat\u00fcrlich kommen auch unsere Tagesg\u00e4ste in den Genuss von langen Spazierg\u00e4ngen und fr\u00f6hlichen Spielerunden und dieses mit Freunden, die sich regelm\u00e4\u00dfig in der Tagesgruppe treffen.<\/p>\n<p><img loading=\"lazy\" decoding=\"async\" class=\"aligncenter size-large wp-image-738\" src=\"https:\/\/braun-klabes.de\/wp-content\/uploads\/2019\/09\/Braun-Klabes-Hundespezialisten-Juli-2019_13-1024x683.jpg\" alt=\"\" width=\"920\" height=\"614\" srcset=\"https:\/\/braun-klabes.de\/wp-content\/uploads\/2019\/09\/Braun-Klabes-Hundespezialisten-Juli-2019_13-1024x683.jpg 1024w, https:\/\/braun-klabes.de\/wp-content\/uploads\/2019\/09\/Braun-Klabes-Hundespezialisten-Juli-2019_13-300x200.jpg 300w, https:\/\/braun-klabes.de\/wp-content\/uploads\/2019\/09\/Braun-Klabes-Hundespezialisten-Juli-2019_13-600x400.jpg 600w, https:\/\/braun-klabes.de\/wp-content\/uploads\/2019\/09\/Braun-Klabes-Hundespezialisten-Juli-2019_13-272x182.jpg 272w\" sizes=\"(max-width: 920px) 100vw, 920px\" \/><\/p>\n<h2>Die HuTa als Platz f\u00fcr Hundefreundschaften<\/h2>\n<p>Der Besuch der Tagesgruppe gibt Ihnen nicht nur freie Zeit zur eigenen Verf\u00fcgung, sondern schult Ihren Hund auch in der Sozialkompetenz im Umgang mit anderen Artgenossen. Diese Tatsache wird Ihren normalen Alltag mit Ihrem Liebling positiv beeinflussen.<\/p>\n<p><a href=\"https:\/\/braun-klabes.de\/?page_id=701\">Wie auch im Hundehotel<\/a> ber\u00fccksichtigen wir nat\u00fcrlich auch in der Tagesgruppe die individuellen Bed\u00fcrfnisse Ihres Hundes und auch hier wird Ihr Liebling von unseren Mitarbeitern betreut. Ihr Hund trifft also bei seinem Aufenthalt auf eine schon bald gewohnte Umgebung. Den Tagesg\u00e4sten stehen wie den Hundehotelg\u00e4sten die R\u00e4umlichkeiten des Hundehotels zur Verf\u00fcgung. Gut umsorgt verbringen sie ihre Ruhephasen in den Zimmern oder auf Wunsch bei uns im Haus.<\/p>\n<p><a href=\"https:\/\/braun-klabes.de\/?page_id=495\">&gt;&gt;&gt; Hier k\u00f6nnen Sie Ihren Hund f\u00fcr eine tageweise Unterbringung bei uns anmelden &lt;&lt;&lt;<\/a><\/p>\n<h3>HuTa Braun-Klabes: Die Preisliste<\/h3>\n\n<table id=\"tablepress-2\" class=\"tablepress tablepress-id-2\">\n<thead>\n<tr class=\"row-1 odd\">\n\t<th class=\"column-1\"><\/th><th class=\"column-2\">Bis 10 kg<\/th><th class=\"column-3\">10 kg - 30 kg<\/th><th class=\"column-4\">Ab 30 kg<\/th>\n<\/tr>\n<\/thead>\n<tbody>\n<tr class=\"row-2 even\">\n\t<td class=\"column-1\">Wochentags MO - FR<br \/>\n07:00 bis 19:00 Uhr<\/td><td class=\"column-2\">30,-<\/td><td class=\"column-3\">32,-<\/td><td class=\"column-4\">34,-<\/td>\n<\/tr>\n<tr class=\"row-3 odd\">\n\t<td class=\"column-1\">Bis 4 Stunden<\/td><td class=\"column-2\">26,-<\/td><td class=\"column-3\">28,-<\/td><td class=\"column-4\">30,-<\/td>\n<\/tr>\n<tr class=\"row-4 even\">\n\t<td class=\"column-1\">SA &amp; SO + Feiertage<br \/>\n07:00 bis 19:00 Uhr<br \/>\nInkl. Heiligabend, Silvester und Br\u00fcckentage<\/td><td class=\"column-2\">40,-<\/td><td class=\"column-3\">42,-<\/td><td class=\"column-4\">45,-<\/td>\n<\/tr>\n<\/tbody>\n<\/table>\n<!-- #tablepress-2 from cache -->\n<ul>\n<li>Erm\u00e4\u00dfigung f\u00fcr zwei oder mehrere Hunde aus einem Haushalt: 10 %<\/li>\n<li>Bei Welpen\/Junghunden bis zum 6. Lebensmonat und bei erwachsenen Hunden mit erh\u00f6htem Pflegeaufwand (als Beispiel bei Inkontinenz des Hundes oder Versorgungen nach vorangegangenen Operationen) erheben wir eine im Vorgespr\u00e4ch individuell vereinbarte Mehraufwandspauschale pro Aufenthaltstag.<\/li>\n<\/ul>\n","protected":false},"excerpt":{"rendered":"<p>Bei uns ist Ihr Hund tags\u00fcber tierisch gut aufgehoben Aus langj\u00e4hrigen Kontakten mit Hundebesitzern wissen wir, dass viele Ihrem Hund ein m\u00f6glichst artgerechtes und abwechslungsreiches Leben erm\u00f6glichen m\u00f6chten. Sie wissen,<\/p>\n<p class=\"more-link\"><a href=\"https:\/\/braun-klabes.de\/?page_id=17\" class=\"readmore\">Read More<svg class=\"icon icon-angle-right\" aria-hidden=\"true\" role=\"img\"> <use href=\"#icon-angle-right\" xlink:href=\"#icon-angle-right\"><\/use> <\/svg><span class=\"screen-reader-text\">Hundetagesst\u00e4tte<\/span><\/a><\/p>\n","protected":false},"author":1,"featured_media":764,"parent":0,"menu_order":0,"comment_status":"closed","ping_status":"closed","template":"","meta":{"footnotes":""},"_links":{"self":[{"href":"https:\/\/braun-klabes.de\/index.php?rest_route=\/wp\/v2\/pages\/17"}],"collection":[{"href":"https:\/\/braun-klabes.de\/index.php?rest_route=\/wp\/v2\/pages"}],"about":[{"href":"https:\/\/braun-klabes.de\/index.php?rest_route=\/wp\/v2\/types\/page"}],"author":[{"embeddable":true,"href":"https:\/\/braun-klabes.de\/index.php?rest_route=\/wp\/v2\/users\/1"}],"replies":[{"embeddable":true,"href":"https:\/\/braun-klabes.de\/index.php?rest_route=%2Fwp%2Fv2%2Fcomments&post=17"}],"version-history":[{"count":28,"href":"https:\/\/braun-klabes.de\/index.php?rest_route=\/wp\/v2\/pages\/17\/revisions"}],"predecessor-version":[{"id":1126,"href":"https:\/\/braun-klabes.de\/index.php?rest_route=\/wp\/v2\/pages\/17\/revisions\/1126"}],"wp:featuredmedia":[{"embeddable":true,"href":"https:\/\/braun-klabes.de\/index.php?rest_route=\/wp\/v2\/media\/764"}],"wp:attachment":[{"href":"https:\/\/braun-klabes.de\/index.php?rest_route=%2Fwp%2Fv2%2Fmedia&parent=17"}],"curies":[{"name":"wp","href":"https:\/\/api.w.org\/{rel}","templated":true}]}}