{"id":245,"date":"2016-03-02T18:59:03","date_gmt":"2016-03-02T18:59:03","guid":{"rendered":"https:\/\/braun-klabes.de\/?page_id=245"},"modified":"2019-10-15T15:14:15","modified_gmt":"2019-10-15T15:14:15","slug":"unser-sortiment","status":"publish","type":"page","link":"https:\/\/braun-klabes.de\/?page_id=245","title":{"rendered":"Unser Sortiment"},"content":{"rendered":"<p>Hier finden Sie in K\u00fcrze eine Preisliste sowie eine \u00dcbersicht zu unseren B.A.R.F.-Men\u00fcs.<\/p>\n","protected":false},"excerpt":{"rendered":"<p>Hier finden Sie in K\u00fcrze eine Preisliste sowie eine \u00dcbersicht zu unseren B.A.R.F.-Men\u00fcs.<\/p>\n","protected":false},"author":1,"featured_media":0,"parent":0,"menu_order":0,"comment_status":"closed","ping_status":"closed","template":"","meta":{"footnotes":""},"_links":{"self":[{"href":"https:\/\/braun-klabes.de\/index.php?rest_route=\/wp\/v2\/pages\/245"}],"collection":[{"href":"https:\/\/braun-klabes.de\/index.php?rest_route=\/wp\/v2\/pages"}],"about":[{"href":"https:\/\/braun-klabes.de\/index.php?rest_route=\/wp\/v2\/types\/page"}],"author":[{"embeddable":true,"href":"https:\/\/braun-klabes.de\/index.php?rest_route=\/wp\/v2\/users\/1"}],"replies":[{"embeddable":true,"href":"https:\/\/braun-klabes.de\/index.php?rest_route=%2Fwp%2Fv2%2Fcomments&post=245"}],"version-history":[{"count":17,"href":"https:\/\/braun-klabes.de\/index.php?rest_route=\/wp\/v2\/pages\/245\/revisions"}],"predecessor-version":[{"id":812,"href":"https:\/\/braun-klabes.de\/index.php?rest_route=\/wp\/v2\/pages\/245\/revisions\/812"}],"wp:attachment":[{"href":"https:\/\/braun-klabes.de\/index.php?rest_route=%2Fwp%2Fv2%2Fmedia&parent=245"}],"curies":[{"name":"wp","href":"https:\/\/api.w.org\/{rel}","templated":true}]}}