{"id":38,"date":"2016-01-11T18:50:52","date_gmt":"2016-01-11T18:50:52","guid":{"rendered":"https:\/\/braun-klabes.de\/?page_id=38"},"modified":"2019-10-04T08:59:46","modified_gmt":"2019-10-04T08:59:46","slug":"mitarbeiter","status":"publish","type":"page","link":"https:\/\/braun-klabes.de\/?page_id=38","title":{"rendered":"Team"},"content":{"rendered":"<h3><span class=\"tmm_fname\">Hildegard<\/span> <span class=\"tmm_lname\">Braun-Klabes<\/span><\/h3>\n<ul>\n<li>Vor der Hundeschule: Ausbildung als Industriekauffrau und Studium der Betriebswirtschaftslehre<\/li>\n<li>1998 Gr\u00fcndung der Hundeschule Braun-Klabes<\/li>\n<li>Ausbildererlaubnis nach \u00a7 11 Abs. 1 Nr. 8 f Tierschutzgesetz durch Veterin\u00e4r- und Lebensmittel\u00fcberwachungsamt Kreis Steinfurt<\/li>\n<li>Sachkunde- und Verhaltenspr\u00fcfer nach \u00a7 3 HHund G NRW<\/li>\n<li>Ausbilder f\u00fcr Therapiehundeteams nach dem Delta-Verfahren des Verbandes Therapiehunde Schweiz<\/li>\n<li>Ausbilder des Rettungshundewesens des Landesverbandes Westfalen-Lippe e. V. (DRK)<\/li>\n<li>Fortlaufende Teilnahme an diversen Seminaren im In- und Ausland (u. a. bei Behesha Grist, Jack Shuler, Ray Coppinger, Dr. Peter Neville, Marco Mouwen, Astrid Steiner<\/li>\n<li>2006 Gr\u00fcndung des Hundehotels Braun-Klabes mit gemischter Gruppenhaltung<\/li>\n<li>Zertifizierter Ausbildungsbetrieb f\u00fcr Tierpfleger\/in IHK<\/li>\n<li>Ausbildereignung in dem Beruf Tierpfleger\/in Fachrichtung Tierheim und Tierpension<\/li>\n<\/ul>\n<h3><span class=\"tmm_fname\">Kai-Uwe<\/span> <span class=\"tmm_lname\">Klabes<\/span><\/h3>\n<ul>\n<li>Vor der Hundeschule: Ausbildung als Bankkaufmann und Bankfachwirt<br \/>\n1998 Gr\u00fcndung der Hundeschule Braun-Klabes<\/li>\n<li>Ausbildererlaubnis nach \u00a7 11 Abs. 1 Nr. 8 f Tierschutzgesetz durch Veterin\u00e4r- und Lebensmittel\u00fcberwachungsamt Kreis Steinfurt<\/li>\n<li>Sachkunde- und Verhaltenspr\u00fcfer nach \u00a7 3 Hund G NRW<\/li>\n<li>Ausbilder f\u00fcr Therapiehundeteams nach dem Delta-Verfahren des Verbandes Therapiehunde Schweiz<\/li>\n<li>Ausbilder des Rettungshundewesens des Landesverbandes Westfalen-Lippe e. V. (DRK)<\/li>\n<li>Fortlaufende Teilnahme an diversen Seminaren im In- und Ausland (u. a. bei Behesha Grist, Jack Shuler, Ray Coppinger, Dr. Peter Neville, Marco Mouwen, Astrid Steiner<\/li>\n<li>2006 Gr\u00fcndung des Hundehotels Braun-Klabes mit gemischter Gruppenhaltung<\/li>\n<li>Zertifizierter Ausbildungsbetrieb f\u00fcr Tierpfleger\/in IHK<\/li>\n<li>Ausbildereignung in dem Beruf Tierpfleger\/in Fachrichtung Tierheim und Tierpension<\/li>\n<\/ul>\n<h3><img loading=\"lazy\" decoding=\"async\" class=\"aligncenter size-large wp-image-680\" src=\"https:\/\/braun-klabes.de\/wp-content\/uploads\/2019\/09\/Braun-Klabes-Hundespezialisten-Juli-2019_40-1024x683.jpg\" alt=\"\" width=\"920\" height=\"614\" srcset=\"https:\/\/braun-klabes.de\/wp-content\/uploads\/2019\/09\/Braun-Klabes-Hundespezialisten-Juli-2019_40-1024x683.jpg 1024w, https:\/\/braun-klabes.de\/wp-content\/uploads\/2019\/09\/Braun-Klabes-Hundespezialisten-Juli-2019_40-300x200.jpg 300w, https:\/\/braun-klabes.de\/wp-content\/uploads\/2019\/09\/Braun-Klabes-Hundespezialisten-Juli-2019_40-600x400.jpg 600w\" sizes=\"(max-width: 920px) 100vw, 920px\" \/><\/h3>\n<h3><span class=\"tmm_fname\">Nana<\/span> | Sheltie-H\u00fcndin geb. 21.08.2004<\/h3>\n<p>Ausgebildete Therapieh\u00fcndin insbesondere f\u00fcr Menschen mit Demenzerkrankung und in der Sterbebegleitung<span class=\"tmm_fname\">Nscho-Tschi<\/span> Australian Shepherd H\u00fcndin geb. 12.12.2007<br \/>\nIhre Profession liegt im Agility. Durch ihr famoses Talent und ihre Geduld hat sie schon vielen unseren Kunden geholfen einen Agilityparcours fehlerfrei zu laufen<\/p>\n<h3><span class=\"tmm_fname\">Mia<\/span> | Labrador-H\u00fcndin geb. 17.09.2010<\/h3>\n<p>Ausgebildete Therapieh\u00fcndin f\u00fcr Menschen mit geistigen und k\u00f6rperlichen Behinderungen und Mantrailerin<\/p>\n<h3><span class=\"tmm_fname\">Midge<\/span> | Border-Collie geb. 03.10.2010<\/h3>\n<p>Ihre Passion ist das H\u00fcten. Sie ist uns immer wieder eine gro\u00dfe Hilfe bei dem Umtreiben unserer Schafherde<\/p>\n<h3><span class=\"tmm_fname\">Heaven<\/span> | Labrador-H\u00fcndin geb. 08.12.2011<\/h3>\n<p>Ausgebildete Therapieh\u00fcndin insbesondere f\u00fcr Menschen mit geistigen und k\u00f6rperlichen Behinderungen und Mantrailerin.<br \/>\nAusbildung zum Schimmelsuchhund<\/p>\n","protected":false},"excerpt":{"rendered":"<p>Hildegard Braun-Klabes Vor der Hundeschule: Ausbildung als Industriekauffrau und Studium der Betriebswirtschaftslehre 1998 Gr\u00fcndung der Hundeschule Braun-Klabes Ausbildererlaubnis nach \u00a7 11 Abs. 1 Nr. 8 f Tierschutzgesetz durch Veterin\u00e4r- und<\/p>\n<p class=\"more-link\"><a href=\"https:\/\/braun-klabes.de\/?page_id=38\" class=\"readmore\">Read More<svg class=\"icon icon-angle-right\" aria-hidden=\"true\" role=\"img\"> <use href=\"#icon-angle-right\" xlink:href=\"#icon-angle-right\"><\/use> <\/svg><span class=\"screen-reader-text\">Team<\/span><\/a><\/p>\n","protected":false},"author":1,"featured_media":766,"parent":0,"menu_order":0,"comment_status":"closed","ping_status":"closed","template":"","meta":{"footnotes":""},"_links":{"self":[{"href":"https:\/\/braun-klabes.de\/index.php?rest_route=\/wp\/v2\/pages\/38"}],"collection":[{"href":"https:\/\/braun-klabes.de\/index.php?rest_route=\/wp\/v2\/pages"}],"about":[{"href":"https:\/\/braun-klabes.de\/index.php?rest_route=\/wp\/v2\/types\/page"}],"author":[{"embeddable":true,"href":"https:\/\/braun-klabes.de\/index.php?rest_route=\/wp\/v2\/users\/1"}],"replies":[{"embeddable":true,"href":"https:\/\/braun-klabes.de\/index.php?rest_route=%2Fwp%2Fv2%2Fcomments&post=38"}],"version-history":[{"count":23,"href":"https:\/\/braun-klabes.de\/index.php?rest_route=\/wp\/v2\/pages\/38\/revisions"}],"predecessor-version":[{"id":767,"href":"https:\/\/braun-klabes.de\/index.php?rest_route=\/wp\/v2\/pages\/38\/revisions\/767"}],"wp:featuredmedia":[{"embeddable":true,"href":"https:\/\/braun-klabes.de\/index.php?rest_route=\/wp\/v2\/media\/766"}],"wp:attachment":[{"href":"https:\/\/braun-klabes.de\/index.php?rest_route=%2Fwp%2Fv2%2Fmedia&parent=38"}],"curies":[{"name":"wp","href":"https:\/\/api.w.org\/{rel}","templated":true}]}}