{"id":878,"date":"2020-01-19T22:09:28","date_gmt":"2020-01-19T22:09:28","guid":{"rendered":"https:\/\/braun-klabes.de\/?page_id=878"},"modified":"2020-01-19T22:46:05","modified_gmt":"2020-01-19T22:46:05","slug":"junghundekurs-2","status":"publish","type":"page","link":"https:\/\/braun-klabes.de\/?page_id=878","title":{"rendered":"Junghundekurs"},"content":{"rendered":"<p><a href=\"https:\/\/braun-klabes.de\/?page_id=689\">&lt;&lt;&lt; zur\u00fcck zur Kurs\u00fcbersicht<\/a><\/p>\n<p>Nach der Welpenpr\u00e4gung empfiehlt sich der Kurs f\u00fcr Junghunde. Wir empfehlen diesen Kurs f\u00fcr Hunde ab der 18. Woche. Entscheidend ist jedoch der individuelle Entwicklungsstand des Hundes. Wir beraten Sie gerne, damit Ihr Hund artgerecht gef\u00f6rdert werden kann. Der Kurs f\u00fchrt die Erziehung weiter und steigert die Reizsituationen. Der Hund lernt eine Vielzahl von Situationen einzusch\u00e4tzen. Zus\u00e4tzlich wird die Bindung zwischen Besitzer und Hund vertieft.<\/p>\n<h1>Junghundekurs: Die Grundlagen jeder Hundeerziehung<\/h1>\n<p>Wir legen gro\u00dfen Wert auf eine optimale Betreuung. Fehleinsch\u00e4tzung oder Missverst\u00e4ndnisse beim Hundebesitzer sind h\u00e4ufige Ursachen f\u00fcr ein Fehlverhalten des Hundes. Deshalb beobachten wir jeden Hund und beraten dessen Besitzer, wie der Hund optimal gef\u00f6rdert werden kann. Der Inhalt des Kurses wird individuell auf die Anforderungen und F\u00e4higkeiten des Hundes abgestimmt.<\/p>\n<p>Auszug aus dem Kursprogramm:<\/p>\n<ul>\n<li>Freilauf<\/li>\n<li>Schulung der Aufmerksamkeit und des Gehorsams<\/li>\n<li>Erlernen der Leinenarbeit<\/li>\n<li>Das Erlernen von einfachen Kommandos: &#8222;Sitz&#8220;, &#8222;Bleib&#8220;, &#8222;Platz&#8220;, &#8222;Kommen&#8220;<\/li>\n<li>Verhalten bei steigender Ablenkung durch Au\u00dfenreize<\/li>\n<li>Erste Ans\u00e4tze des Jagdverhaltens beobachten und interpretieren<\/li>\n<li>Erste Ans\u00e4tze des Apportierens erkennen und f\u00f6rdern.<\/li>\n<\/ul>\n<p>Der Unterricht findet einmal die Woche statt. Die kleine Gruppe besteht aus maximal 6-7 Junghunden, damit der Hundetrainer intensiv die Arbeit mit jedem Hund unterst\u00fctzen kann. Das Spielen mit dem Hund hat einen festen Platz im Kurs und nimmt ca. die ersten 5 Minuten des Kurses in Anspruch.<\/p>\n<p><a href=\"https:\/\/braun-klabes.de\/?page_id=495\" target=\"_blank\" rel=\"noopener noreferrer\">Hier\u00a0k\u00f6nnen Sie sich f\u00fcr den Junghundekurs anmelden<\/a><\/p>\n<div id='gallery-1' class='gallery galleryid-878 gallery-columns-6 gallery-size-thumbnail'><figure class='gallery-item'>\n\t\t\t<div class='gallery-icon landscape'>\n\t\t\t\t<a href='https:\/\/braun-klabes.de\/wp-content\/uploads\/2019\/09\/Braun-Klabes-Hundespezialisten-Juli-2019_26.jpg'><img loading=\"lazy\" decoding=\"async\" width=\"300\" height=\"200\" src=\"https:\/\/braun-klabes.de\/wp-content\/uploads\/2019\/09\/Braun-Klabes-Hundespezialisten-Juli-2019_26-300x200.jpg\" class=\"attachment-thumbnail size-thumbnail\" alt=\"\" srcset=\"https:\/\/braun-klabes.de\/wp-content\/uploads\/2019\/09\/Braun-Klabes-Hundespezialisten-Juli-2019_26-300x200.jpg 300w, https:\/\/braun-klabes.de\/wp-content\/uploads\/2019\/09\/Braun-Klabes-Hundespezialisten-Juli-2019_26-1024x683.jpg 1024w, https:\/\/braun-klabes.de\/wp-content\/uploads\/2019\/09\/Braun-Klabes-Hundespezialisten-Juli-2019_26-600x400.jpg 600w\" sizes=\"(max-width: 300px) 100vw, 300px\" \/><\/a>\n\t\t\t<\/div><\/figure><figure class='gallery-item'>\n\t\t\t<div class='gallery-icon landscape'>\n\t\t\t\t<a href='https:\/\/braun-klabes.de\/wp-content\/uploads\/2019\/12\/WelpenschuleFG9A9706.jpg'><img loading=\"lazy\" decoding=\"async\" width=\"300\" height=\"300\" src=\"https:\/\/braun-klabes.de\/wp-content\/uploads\/2019\/12\/WelpenschuleFG9A9706-300x300.jpg\" class=\"attachment-thumbnail size-thumbnail\" alt=\"\" srcset=\"https:\/\/braun-klabes.de\/wp-content\/uploads\/2019\/12\/WelpenschuleFG9A9706-300x300.jpg 300w, https:\/\/braun-klabes.de\/wp-content\/uploads\/2019\/12\/WelpenschuleFG9A9706-1024x1024.jpg 1024w, https:\/\/braun-klabes.de\/wp-content\/uploads\/2019\/12\/WelpenschuleFG9A9706-70x70.jpg 70w, https:\/\/braun-klabes.de\/wp-content\/uploads\/2019\/12\/WelpenschuleFG9A9706-600x600.jpg 600w, https:\/\/braun-klabes.de\/wp-content\/uploads\/2019\/12\/WelpenschuleFG9A9706-100x100.jpg 100w, https:\/\/braun-klabes.de\/wp-content\/uploads\/2019\/12\/WelpenschuleFG9A9706.jpg 1984w\" sizes=\"(max-width: 300px) 100vw, 300px\" \/><\/a>\n\t\t\t<\/div><\/figure><figure class='gallery-item'>\n\t\t\t<div class='gallery-icon landscape'>\n\t\t\t\t<a href='https:\/\/braun-klabes.de\/wp-content\/uploads\/2020\/01\/WelpenschuleFG9A9727.jpg'><img loading=\"lazy\" decoding=\"async\" width=\"300\" height=\"300\" src=\"https:\/\/braun-klabes.de\/wp-content\/uploads\/2020\/01\/WelpenschuleFG9A9727-300x300.jpg\" class=\"attachment-thumbnail size-thumbnail\" alt=\"\" srcset=\"https:\/\/braun-klabes.de\/wp-content\/uploads\/2020\/01\/WelpenschuleFG9A9727-300x300.jpg 300w, https:\/\/braun-klabes.de\/wp-content\/uploads\/2020\/01\/WelpenschuleFG9A9727-1024x1024.jpg 1024w, https:\/\/braun-klabes.de\/wp-content\/uploads\/2020\/01\/WelpenschuleFG9A9727-70x70.jpg 70w, https:\/\/braun-klabes.de\/wp-content\/uploads\/2020\/01\/WelpenschuleFG9A9727-600x600.jpg 600w, https:\/\/braun-klabes.de\/wp-content\/uploads\/2020\/01\/WelpenschuleFG9A9727-100x100.jpg 100w\" sizes=\"(max-width: 300px) 100vw, 300px\" \/><\/a>\n\t\t\t<\/div><\/figure><figure class='gallery-item'>\n\t\t\t<div class='gallery-icon landscape'>\n\t\t\t\t<a href='https:\/\/braun-klabes.de\/wp-content\/uploads\/2020\/01\/WelpenschuleFG9A9738.jpg'><img loading=\"lazy\" decoding=\"async\" width=\"300\" height=\"300\" src=\"https:\/\/braun-klabes.de\/wp-content\/uploads\/2020\/01\/WelpenschuleFG9A9738-300x300.jpg\" class=\"attachment-thumbnail size-thumbnail\" alt=\"\" srcset=\"https:\/\/braun-klabes.de\/wp-content\/uploads\/2020\/01\/WelpenschuleFG9A9738-300x300.jpg 300w, https:\/\/braun-klabes.de\/wp-content\/uploads\/2020\/01\/WelpenschuleFG9A9738-1024x1024.jpg 1024w, https:\/\/braun-klabes.de\/wp-content\/uploads\/2020\/01\/WelpenschuleFG9A9738-70x70.jpg 70w, https:\/\/braun-klabes.de\/wp-content\/uploads\/2020\/01\/WelpenschuleFG9A9738-600x600.jpg 600w, https:\/\/braun-klabes.de\/wp-content\/uploads\/2020\/01\/WelpenschuleFG9A9738-100x100.jpg 100w\" sizes=\"(max-width: 300px) 100vw, 300px\" \/><\/a>\n\t\t\t<\/div><\/figure><figure class='gallery-item'>\n\t\t\t<div class='gallery-icon landscape'>\n\t\t\t\t<a href='https:\/\/braun-klabes.de\/wp-content\/uploads\/2020\/01\/WelpenschuleFG9A9582.jpg'><img loading=\"lazy\" decoding=\"async\" width=\"300\" height=\"300\" src=\"https:\/\/braun-klabes.de\/wp-content\/uploads\/2020\/01\/WelpenschuleFG9A9582-300x300.jpg\" class=\"attachment-thumbnail size-thumbnail\" alt=\"\" srcset=\"https:\/\/braun-klabes.de\/wp-content\/uploads\/2020\/01\/WelpenschuleFG9A9582-300x300.jpg 300w, https:\/\/braun-klabes.de\/wp-content\/uploads\/2020\/01\/WelpenschuleFG9A9582-1024x1024.jpg 1024w, https:\/\/braun-klabes.de\/wp-content\/uploads\/2020\/01\/WelpenschuleFG9A9582-70x70.jpg 70w, https:\/\/braun-klabes.de\/wp-content\/uploads\/2020\/01\/WelpenschuleFG9A9582-600x600.jpg 600w, https:\/\/braun-klabes.de\/wp-content\/uploads\/2020\/01\/WelpenschuleFG9A9582-100x100.jpg 100w\" sizes=\"(max-width: 300px) 100vw, 300px\" \/><\/a>\n\t\t\t<\/div><\/figure><figure class='gallery-item'>\n\t\t\t<div class='gallery-icon landscape'>\n\t\t\t\t<a href='https:\/\/braun-klabes.de\/wp-content\/uploads\/2020\/01\/WelpenschuleFG9A9784.jpg'><img loading=\"lazy\" decoding=\"async\" width=\"300\" height=\"300\" src=\"https:\/\/braun-klabes.de\/wp-content\/uploads\/2020\/01\/WelpenschuleFG9A9784-300x300.jpg\" class=\"attachment-thumbnail size-thumbnail\" alt=\"\" srcset=\"https:\/\/braun-klabes.de\/wp-content\/uploads\/2020\/01\/WelpenschuleFG9A9784-300x300.jpg 300w, https:\/\/braun-klabes.de\/wp-content\/uploads\/2020\/01\/WelpenschuleFG9A9784-1024x1024.jpg 1024w, https:\/\/braun-klabes.de\/wp-content\/uploads\/2020\/01\/WelpenschuleFG9A9784-70x70.jpg 70w, https:\/\/braun-klabes.de\/wp-content\/uploads\/2020\/01\/WelpenschuleFG9A9784-600x600.jpg 600w, https:\/\/braun-klabes.de\/wp-content\/uploads\/2020\/01\/WelpenschuleFG9A9784-100x100.jpg 100w\" sizes=\"(max-width: 300px) 100vw, 300px\" \/><\/a>\n\t\t\t<\/div><\/figure>\n\t\t<\/div>\n\n","protected":false},"excerpt":{"rendered":"<p>&lt;&lt;&lt; zur\u00fcck zur Kurs\u00fcbersicht Nach der Welpenpr\u00e4gung empfiehlt sich der Kurs f\u00fcr Junghunde. Wir empfehlen diesen Kurs f\u00fcr Hunde ab der 18. Woche. Entscheidend ist jedoch der individuelle Entwicklungsstand des<\/p>\n<p class=\"more-link\"><a href=\"https:\/\/braun-klabes.de\/?page_id=878\" class=\"readmore\">Read More<svg class=\"icon icon-angle-right\" aria-hidden=\"true\" role=\"img\"> <use href=\"#icon-angle-right\" xlink:href=\"#icon-angle-right\"><\/use> <\/svg><span class=\"screen-reader-text\">Junghundekurs<\/span><\/a><\/p>\n","protected":false},"author":1,"featured_media":0,"parent":0,"menu_order":0,"comment_status":"closed","ping_status":"closed","template":"","meta":{"footnotes":""},"_links":{"self":[{"href":"https:\/\/braun-klabes.de\/index.php?rest_route=\/wp\/v2\/pages\/878"}],"collection":[{"href":"https:\/\/braun-klabes.de\/index.php?rest_route=\/wp\/v2\/pages"}],"about":[{"href":"https:\/\/braun-klabes.de\/index.php?rest_route=\/wp\/v2\/types\/page"}],"author":[{"embeddable":true,"href":"https:\/\/braun-klabes.de\/index.php?rest_route=\/wp\/v2\/users\/1"}],"replies":[{"embeddable":true,"href":"https:\/\/braun-klabes.de\/index.php?rest_route=%2Fwp%2Fv2%2Fcomments&post=878"}],"version-history":[{"count":2,"href":"https:\/\/braun-klabes.de\/index.php?rest_route=\/wp\/v2\/pages\/878\/revisions"}],"predecessor-version":[{"id":918,"href":"https:\/\/braun-klabes.de\/index.php?rest_route=\/wp\/v2\/pages\/878\/revisions\/918"}],"wp:attachment":[{"href":"https:\/\/braun-klabes.de\/index.php?rest_route=%2Fwp%2Fv2%2Fmedia&parent=878"}],"curies":[{"name":"wp","href":"https:\/\/api.w.org\/{rel}","templated":true}]}}