{"id":884,"date":"2020-01-19T22:15:59","date_gmt":"2020-01-19T22:15:59","guid":{"rendered":"https:\/\/braun-klabes.de\/?page_id=884"},"modified":"2020-01-19T22:46:18","modified_gmt":"2020-01-19T22:46:18","slug":"884-2","status":"publish","type":"page","link":"https:\/\/braun-klabes.de\/?page_id=884","title":{"rendered":"Familienbegleithund"},"content":{"rendered":"<p><a href=\"https:\/\/braun-klabes.de\/?page_id=689\">&lt;&lt;&lt; zur\u00fcck zur Kurs\u00fcbersicht<\/a><\/p>\n<p>Der Kurs &#8222;Familienbegleithund&#8220; ist unerl\u00e4sslich f\u00fcr alle, die einen r\u00fccksichtsvollen und nicht aggressiven Hund haben m\u00f6chten, der auch innerhalb einer Familie mit Kindern seinen Platz akzeptiert. Der Kurs kann direkt an den Kurs &#8222;Junghunde&#8220; anschlie\u00dfen und f\u00fchrt die Erziehung kontinuierlich fort.<\/p>\n<h1>Ihr Hund als Teil der Familie<\/h1>\n<p>Die gesteigerten Anforderungen st\u00e4rken das Vertrauen im Team, zwischen Mensch und Hund. So wird das souver\u00e4ne und entspannte Verh\u00e4ltnis vertieft und die Sozialkompetenz auf verschieden Ebenen verst\u00e4rkt. Dazu geh\u00f6rt nicht nur die Beziehung zwischen Besitzer und Hund, sondern auch die soziale Interaktion unter Hunden oder die Begegnung mit anderen Menschen oder Hundebesitzern. +<\/p>\n<p>Auszug aus dem Kursprogramm:<\/p>\n<ul>\n<li>Au\u00dfenreize weiter steigern<\/li>\n<li>Alltagsituationen und neue Situationen kennen lernen: Gel\u00e4nde, Wald, Park, Stadt<\/li>\n<li>Kommando: Platz auf Entfernung<\/li>\n<li>Kompetenten Umgang mit dem Jagdtrieb erlernen<\/li>\n<li>Verhalten im Verkehr: Richtiges Verhalten bei Begegnung mit PKW oder Fahrrad<\/li>\n<li>Soziale Interaktion: anderen Hunden begegnen und einsch\u00e4tzen<\/li>\n<li>Je nach Leistungsstand: ohne Leine laufen, bei Fu\u00df laufen (&#8222;fu\u00dflaufen&#8220;)<\/li>\n<\/ul>\n<p>Der Unterricht findet einmal die Woche statt. Die kleine Gruppe besteht aus maximal 6-7 Hunden, damit der Hundetrainer intensiv die Arbeit mit jedem Hund unterst\u00fctzen kann. Wir empfehlen diesen Kurs f\u00fcr Hunde, die bereits den Kurs &#8222;Junghunde&#8220; besucht haben. Nat\u00fcrlich sind sp\u00e4tere Einsteiger genauso herzlich willkommen.<\/p>\n<p><a href=\"https:\/\/braun-klabes.de\/?page_id=495\" target=\"_blank\" rel=\"noopener noreferrer\">Hier k\u00f6nnen Sie Ihren Hund zum Unterricht anmelden. &gt;&gt;&gt;<\/a><\/p>\n<div id='gallery-1' class='gallery galleryid-884 gallery-columns-4 gallery-size-thumbnail'><figure class='gallery-item'>\n\t\t\t<div class='gallery-icon landscape'>\n\t\t\t\t<a href='https:\/\/braun-klabes.de\/wp-content\/uploads\/2020\/01\/WelpenschuleFG9A9676.jpg'><img loading=\"lazy\" decoding=\"async\" width=\"300\" height=\"300\" src=\"https:\/\/braun-klabes.de\/wp-content\/uploads\/2020\/01\/WelpenschuleFG9A9676-300x300.jpg\" class=\"attachment-thumbnail size-thumbnail\" alt=\"\" srcset=\"https:\/\/braun-klabes.de\/wp-content\/uploads\/2020\/01\/WelpenschuleFG9A9676-300x300.jpg 300w, https:\/\/braun-klabes.de\/wp-content\/uploads\/2020\/01\/WelpenschuleFG9A9676-1024x1024.jpg 1024w, https:\/\/braun-klabes.de\/wp-content\/uploads\/2020\/01\/WelpenschuleFG9A9676-70x70.jpg 70w, https:\/\/braun-klabes.de\/wp-content\/uploads\/2020\/01\/WelpenschuleFG9A9676-600x600.jpg 600w, https:\/\/braun-klabes.de\/wp-content\/uploads\/2020\/01\/WelpenschuleFG9A9676-100x100.jpg 100w\" sizes=\"(max-width: 300px) 100vw, 300px\" \/><\/a>\n\t\t\t<\/div><\/figure><figure class='gallery-item'>\n\t\t\t<div class='gallery-icon landscape'>\n\t\t\t\t<a href='https:\/\/braun-klabes.de\/wp-content\/uploads\/2020\/01\/WelpenschuleFG9A9657.jpg'><img loading=\"lazy\" decoding=\"async\" width=\"300\" height=\"300\" src=\"https:\/\/braun-klabes.de\/wp-content\/uploads\/2020\/01\/WelpenschuleFG9A9657-300x300.jpg\" class=\"attachment-thumbnail size-thumbnail\" alt=\"\" srcset=\"https:\/\/braun-klabes.de\/wp-content\/uploads\/2020\/01\/WelpenschuleFG9A9657-300x300.jpg 300w, https:\/\/braun-klabes.de\/wp-content\/uploads\/2020\/01\/WelpenschuleFG9A9657-1024x1024.jpg 1024w, https:\/\/braun-klabes.de\/wp-content\/uploads\/2020\/01\/WelpenschuleFG9A9657-70x70.jpg 70w, https:\/\/braun-klabes.de\/wp-content\/uploads\/2020\/01\/WelpenschuleFG9A9657-600x600.jpg 600w, https:\/\/braun-klabes.de\/wp-content\/uploads\/2020\/01\/WelpenschuleFG9A9657-100x100.jpg 100w\" sizes=\"(max-width: 300px) 100vw, 300px\" \/><\/a>\n\t\t\t<\/div><\/figure><figure class='gallery-item'>\n\t\t\t<div class='gallery-icon landscape'>\n\t\t\t\t<a href='https:\/\/braun-klabes.de\/wp-content\/uploads\/2020\/01\/WelpenschuleFG9A9632.jpg'><img loading=\"lazy\" decoding=\"async\" width=\"300\" height=\"300\" src=\"https:\/\/braun-klabes.de\/wp-content\/uploads\/2020\/01\/WelpenschuleFG9A9632-300x300.jpg\" class=\"attachment-thumbnail size-thumbnail\" alt=\"\" srcset=\"https:\/\/braun-klabes.de\/wp-content\/uploads\/2020\/01\/WelpenschuleFG9A9632-300x300.jpg 300w, https:\/\/braun-klabes.de\/wp-content\/uploads\/2020\/01\/WelpenschuleFG9A9632-1024x1024.jpg 1024w, https:\/\/braun-klabes.de\/wp-content\/uploads\/2020\/01\/WelpenschuleFG9A9632-70x70.jpg 70w, https:\/\/braun-klabes.de\/wp-content\/uploads\/2020\/01\/WelpenschuleFG9A9632-600x600.jpg 600w, https:\/\/braun-klabes.de\/wp-content\/uploads\/2020\/01\/WelpenschuleFG9A9632-100x100.jpg 100w\" sizes=\"(max-width: 300px) 100vw, 300px\" \/><\/a>\n\t\t\t<\/div><\/figure><figure class='gallery-item'>\n\t\t\t<div class='gallery-icon landscape'>\n\t\t\t\t<a href='https:\/\/braun-klabes.de\/wp-content\/uploads\/2020\/01\/WelpenschuleFG9A9619.jpg'><img loading=\"lazy\" decoding=\"async\" width=\"300\" height=\"300\" src=\"https:\/\/braun-klabes.de\/wp-content\/uploads\/2020\/01\/WelpenschuleFG9A9619-300x300.jpg\" class=\"attachment-thumbnail size-thumbnail\" alt=\"\" srcset=\"https:\/\/braun-klabes.de\/wp-content\/uploads\/2020\/01\/WelpenschuleFG9A9619-300x300.jpg 300w, https:\/\/braun-klabes.de\/wp-content\/uploads\/2020\/01\/WelpenschuleFG9A9619-1024x1024.jpg 1024w, https:\/\/braun-klabes.de\/wp-content\/uploads\/2020\/01\/WelpenschuleFG9A9619-70x70.jpg 70w, https:\/\/braun-klabes.de\/wp-content\/uploads\/2020\/01\/WelpenschuleFG9A9619-600x600.jpg 600w, https:\/\/braun-klabes.de\/wp-content\/uploads\/2020\/01\/WelpenschuleFG9A9619-100x100.jpg 100w\" sizes=\"(max-width: 300px) 100vw, 300px\" \/><\/a>\n\t\t\t<\/div><\/figure>\n\t\t<\/div>\n\n<p>&nbsp;<\/p>\n","protected":false},"excerpt":{"rendered":"<p>&lt;&lt;&lt; zur\u00fcck zur Kurs\u00fcbersicht Der Kurs &#8222;Familienbegleithund&#8220; ist unerl\u00e4sslich f\u00fcr alle, die einen r\u00fccksichtsvollen und nicht aggressiven Hund haben m\u00f6chten, der auch innerhalb einer Familie mit Kindern seinen Platz akzeptiert.<\/p>\n<p class=\"more-link\"><a href=\"https:\/\/braun-klabes.de\/?page_id=884\" class=\"readmore\">Read More<svg class=\"icon icon-angle-right\" aria-hidden=\"true\" role=\"img\"> <use href=\"#icon-angle-right\" xlink:href=\"#icon-angle-right\"><\/use> <\/svg><span class=\"screen-reader-text\">Familienbegleithund<\/span><\/a><\/p>\n","protected":false},"author":1,"featured_media":885,"parent":0,"menu_order":0,"comment_status":"closed","ping_status":"closed","template":"","meta":{"footnotes":""},"_links":{"self":[{"href":"https:\/\/braun-klabes.de\/index.php?rest_route=\/wp\/v2\/pages\/884"}],"collection":[{"href":"https:\/\/braun-klabes.de\/index.php?rest_route=\/wp\/v2\/pages"}],"about":[{"href":"https:\/\/braun-klabes.de\/index.php?rest_route=\/wp\/v2\/types\/page"}],"author":[{"embeddable":true,"href":"https:\/\/braun-klabes.de\/index.php?rest_route=\/wp\/v2\/users\/1"}],"replies":[{"embeddable":true,"href":"https:\/\/braun-klabes.de\/index.php?rest_route=%2Fwp%2Fv2%2Fcomments&post=884"}],"version-history":[{"count":3,"href":"https:\/\/braun-klabes.de\/index.php?rest_route=\/wp\/v2\/pages\/884\/revisions"}],"predecessor-version":[{"id":919,"href":"https:\/\/braun-klabes.de\/index.php?rest_route=\/wp\/v2\/pages\/884\/revisions\/919"}],"wp:featuredmedia":[{"embeddable":true,"href":"https:\/\/braun-klabes.de\/index.php?rest_route=\/wp\/v2\/media\/885"}],"wp:attachment":[{"href":"https:\/\/braun-klabes.de\/index.php?rest_route=%2Fwp%2Fv2%2Fmedia&parent=884"}],"curies":[{"name":"wp","href":"https:\/\/api.w.org\/{rel}","templated":true}]}}