{"id":894,"date":"2020-01-19T22:25:13","date_gmt":"2020-01-19T22:25:13","guid":{"rendered":"https:\/\/braun-klabes.de\/?page_id=894"},"modified":"2020-01-19T22:48:22","modified_gmt":"2020-01-19T22:48:22","slug":"mensch-und-hund","status":"publish","type":"page","link":"https:\/\/braun-klabes.de\/?page_id=894","title":{"rendered":"Mensch und Hund"},"content":{"rendered":"<p><a href=\"https:\/\/braun-klabes.de\/?page_id=689\">&lt;&lt;&lt; zur\u00fcck zur Kurs\u00fcbersicht<\/a><\/p>\n<p>Eine intensive und gl\u00fcckliche Beziehung ben\u00f6tigt st\u00e4ndige Arbeit und gemeinsame Besch\u00e4ftigungen. Das gilt auch f\u00fcr das Team &#8222;Mensch und Hund&#8220;. Mit rund 1,5 Jahren ist ein Hund gefestigt. Mensch und Hund kennen sich und wissen, wie sie in Alltagsituationen souver\u00e4n agieren.<\/p>\n<h1>Mensch-und-Hund-Kurs:<br \/>\nWo Mensch und Hund Hand in Pfote gehen<\/h1>\n<p>Dieser Kurs kann als Br\u00fccke und Orientierung dienen zwischen der grundlegenden Ausbildung und den Kursen, die spezielle F\u00e4higkeiten f\u00f6rdern. Zugleich ist er aber eine M\u00f6glichkeit der freudigen Besch\u00e4ftigungsarbeit mit dem Hund. Hier wird das Sozialverhalten und die t\u00e4gliche Unterordnungsarbeit trainiert. Der Mensch und Hund-<\/p>\n<p>Kurs umfasst in der Regel folgende Punkte:<\/p>\n<ul>\n<li>Besch\u00e4ftigung mit dem Hund &#8211; wie spiele ich richtig?<\/li>\n<li>Was gibt es f\u00fcr Besch\u00e4ftigungsm\u00f6glichkeiten f\u00fcr den Hund ?<\/li>\n<li>Tests und Analyse von Besonderheiten und Vorlieben des Hundes<\/li>\n<li>Vorsorge und Umgang mit gef\u00e4hrlichen Stoffen und Lebensmitteln (Antivergiftungstraining)<\/li>\n<\/ul>\n<p>Was wir au\u00dferdem zusammen machen: Vorstellung und kurze Einf\u00fchrung der Methoden und Kurse, die die individuellen F\u00e4higkeiten f\u00f6rdern: Sport treiben mit dem Hund (Agility) oder Suche mit dem Hund (Nasenhund). Die tiefer gehende Ausbildung Ihres Hundes im Fokus\u00a0 bieten wir aufbauend und\/oder vertiefend weitere Kurse an, die sich an den individuellen F\u00e4higkeiten und Anforderungen orientieren.<\/p>\n<p><a href=\"https:\/\/braun-klabes.de\/?page_id=495\" target=\"_blank\" rel=\"noopener noreferrer\">Hier k\u00f6nnen Sie Ihren Hund zum Unterricht anmelden. &gt;&gt;&gt;<\/a><\/p>\n<div id='gallery-1' class='gallery galleryid-894 gallery-columns-6 gallery-size-thumbnail'><figure class='gallery-item'>\n\t\t\t<div class='gallery-icon landscape'>\n\t\t\t\t<a href='https:\/\/braun-klabes.de\/wp-content\/uploads\/2020\/01\/MenschundHund-Kurs_1.jpg'><img loading=\"lazy\" decoding=\"async\" width=\"300\" height=\"200\" src=\"https:\/\/braun-klabes.de\/wp-content\/uploads\/2020\/01\/MenschundHund-Kurs_1-300x200.jpg\" class=\"attachment-thumbnail size-thumbnail\" alt=\"\" srcset=\"https:\/\/braun-klabes.de\/wp-content\/uploads\/2020\/01\/MenschundHund-Kurs_1-300x200.jpg 300w, https:\/\/braun-klabes.de\/wp-content\/uploads\/2020\/01\/MenschundHund-Kurs_1-1024x683.jpg 1024w, https:\/\/braun-klabes.de\/wp-content\/uploads\/2020\/01\/MenschundHund-Kurs_1-600x400.jpg 600w, https:\/\/braun-klabes.de\/wp-content\/uploads\/2020\/01\/MenschundHund-Kurs_1-272x182.jpg 272w\" sizes=\"(max-width: 300px) 100vw, 300px\" \/><\/a>\n\t\t\t<\/div><\/figure><figure class='gallery-item'>\n\t\t\t<div class='gallery-icon landscape'>\n\t\t\t\t<a href='https:\/\/braun-klabes.de\/wp-content\/uploads\/2020\/01\/MenschundHund-Kurs_4.jpg'><img loading=\"lazy\" decoding=\"async\" width=\"300\" height=\"200\" src=\"https:\/\/braun-klabes.de\/wp-content\/uploads\/2020\/01\/MenschundHund-Kurs_4-300x200.jpg\" class=\"attachment-thumbnail size-thumbnail\" alt=\"\" srcset=\"https:\/\/braun-klabes.de\/wp-content\/uploads\/2020\/01\/MenschundHund-Kurs_4-300x200.jpg 300w, https:\/\/braun-klabes.de\/wp-content\/uploads\/2020\/01\/MenschundHund-Kurs_4-1024x683.jpg 1024w, https:\/\/braun-klabes.de\/wp-content\/uploads\/2020\/01\/MenschundHund-Kurs_4-600x400.jpg 600w, https:\/\/braun-klabes.de\/wp-content\/uploads\/2020\/01\/MenschundHund-Kurs_4-272x182.jpg 272w\" sizes=\"(max-width: 300px) 100vw, 300px\" \/><\/a>\n\t\t\t<\/div><\/figure><figure class='gallery-item'>\n\t\t\t<div class='gallery-icon landscape'>\n\t\t\t\t<a href='https:\/\/braun-klabes.de\/wp-content\/uploads\/2020\/01\/MenschundHund-Kurs_5.jpg'><img loading=\"lazy\" decoding=\"async\" width=\"300\" height=\"200\" src=\"https:\/\/braun-klabes.de\/wp-content\/uploads\/2020\/01\/MenschundHund-Kurs_5-300x200.jpg\" class=\"attachment-thumbnail size-thumbnail\" alt=\"\" srcset=\"https:\/\/braun-klabes.de\/wp-content\/uploads\/2020\/01\/MenschundHund-Kurs_5-300x200.jpg 300w, https:\/\/braun-klabes.de\/wp-content\/uploads\/2020\/01\/MenschundHund-Kurs_5-1024x683.jpg 1024w, https:\/\/braun-klabes.de\/wp-content\/uploads\/2020\/01\/MenschundHund-Kurs_5-600x400.jpg 600w, https:\/\/braun-klabes.de\/wp-content\/uploads\/2020\/01\/MenschundHund-Kurs_5-272x182.jpg 272w\" sizes=\"(max-width: 300px) 100vw, 300px\" \/><\/a>\n\t\t\t<\/div><\/figure><figure class='gallery-item'>\n\t\t\t<div class='gallery-icon landscape'>\n\t\t\t\t<a href='https:\/\/braun-klabes.de\/wp-content\/uploads\/2020\/01\/MenschundHund-Kurs_11.jpg'><img loading=\"lazy\" decoding=\"async\" width=\"300\" height=\"200\" src=\"https:\/\/braun-klabes.de\/wp-content\/uploads\/2020\/01\/MenschundHund-Kurs_11-300x200.jpg\" class=\"attachment-thumbnail size-thumbnail\" alt=\"\" srcset=\"https:\/\/braun-klabes.de\/wp-content\/uploads\/2020\/01\/MenschundHund-Kurs_11-300x200.jpg 300w, https:\/\/braun-klabes.de\/wp-content\/uploads\/2020\/01\/MenschundHund-Kurs_11-1024x683.jpg 1024w, https:\/\/braun-klabes.de\/wp-content\/uploads\/2020\/01\/MenschundHund-Kurs_11-600x400.jpg 600w, https:\/\/braun-klabes.de\/wp-content\/uploads\/2020\/01\/MenschundHund-Kurs_11-272x182.jpg 272w\" sizes=\"(max-width: 300px) 100vw, 300px\" \/><\/a>\n\t\t\t<\/div><\/figure><figure class='gallery-item'>\n\t\t\t<div class='gallery-icon landscape'>\n\t\t\t\t<a href='https:\/\/braun-klabes.de\/wp-content\/uploads\/2020\/01\/MenschundHund-Kurs_13.jpg'><img loading=\"lazy\" decoding=\"async\" width=\"300\" height=\"200\" src=\"https:\/\/braun-klabes.de\/wp-content\/uploads\/2020\/01\/MenschundHund-Kurs_13-300x200.jpg\" class=\"attachment-thumbnail size-thumbnail\" alt=\"\" srcset=\"https:\/\/braun-klabes.de\/wp-content\/uploads\/2020\/01\/MenschundHund-Kurs_13-300x200.jpg 300w, https:\/\/braun-klabes.de\/wp-content\/uploads\/2020\/01\/MenschundHund-Kurs_13-1024x683.jpg 1024w, https:\/\/braun-klabes.de\/wp-content\/uploads\/2020\/01\/MenschundHund-Kurs_13-600x400.jpg 600w, https:\/\/braun-klabes.de\/wp-content\/uploads\/2020\/01\/MenschundHund-Kurs_13-272x182.jpg 272w\" sizes=\"(max-width: 300px) 100vw, 300px\" \/><\/a>\n\t\t\t<\/div><\/figure><figure class='gallery-item'>\n\t\t\t<div class='gallery-icon landscape'>\n\t\t\t\t<a href='https:\/\/braun-klabes.de\/wp-content\/uploads\/2020\/01\/MenschundHund-Kurs_16.jpg'><img loading=\"lazy\" decoding=\"async\" width=\"300\" height=\"200\" src=\"https:\/\/braun-klabes.de\/wp-content\/uploads\/2020\/01\/MenschundHund-Kurs_16-300x200.jpg\" class=\"attachment-thumbnail size-thumbnail\" alt=\"\" srcset=\"https:\/\/braun-klabes.de\/wp-content\/uploads\/2020\/01\/MenschundHund-Kurs_16-300x200.jpg 300w, https:\/\/braun-klabes.de\/wp-content\/uploads\/2020\/01\/MenschundHund-Kurs_16-1024x683.jpg 1024w, https:\/\/braun-klabes.de\/wp-content\/uploads\/2020\/01\/MenschundHund-Kurs_16-600x400.jpg 600w, https:\/\/braun-klabes.de\/wp-content\/uploads\/2020\/01\/MenschundHund-Kurs_16-272x182.jpg 272w\" sizes=\"(max-width: 300px) 100vw, 300px\" \/><\/a>\n\t\t\t<\/div><\/figure>\n\t\t<\/div>\n\n","protected":false},"excerpt":{"rendered":"<p>&lt;&lt;&lt; zur\u00fcck zur Kurs\u00fcbersicht Eine intensive und gl\u00fcckliche Beziehung ben\u00f6tigt st\u00e4ndige Arbeit und gemeinsame Besch\u00e4ftigungen. Das gilt auch f\u00fcr das Team &#8222;Mensch und Hund&#8220;. Mit rund 1,5 Jahren ist ein<\/p>\n<p class=\"more-link\"><a href=\"https:\/\/braun-klabes.de\/?page_id=894\" class=\"readmore\">Read More<svg class=\"icon icon-angle-right\" aria-hidden=\"true\" role=\"img\"> <use href=\"#icon-angle-right\" xlink:href=\"#icon-angle-right\"><\/use> <\/svg><span class=\"screen-reader-text\">Mensch und Hund<\/span><\/a><\/p>\n","protected":false},"author":1,"featured_media":921,"parent":0,"menu_order":0,"comment_status":"closed","ping_status":"closed","template":"","meta":{"footnotes":""},"_links":{"self":[{"href":"https:\/\/braun-klabes.de\/index.php?rest_route=\/wp\/v2\/pages\/894"}],"collection":[{"href":"https:\/\/braun-klabes.de\/index.php?rest_route=\/wp\/v2\/pages"}],"about":[{"href":"https:\/\/braun-klabes.de\/index.php?rest_route=\/wp\/v2\/types\/page"}],"author":[{"embeddable":true,"href":"https:\/\/braun-klabes.de\/index.php?rest_route=\/wp\/v2\/users\/1"}],"replies":[{"embeddable":true,"href":"https:\/\/braun-klabes.de\/index.php?rest_route=%2Fwp%2Fv2%2Fcomments&post=894"}],"version-history":[{"count":3,"href":"https:\/\/braun-klabes.de\/index.php?rest_route=\/wp\/v2\/pages\/894\/revisions"}],"predecessor-version":[{"id":922,"href":"https:\/\/braun-klabes.de\/index.php?rest_route=\/wp\/v2\/pages\/894\/revisions\/922"}],"wp:featuredmedia":[{"embeddable":true,"href":"https:\/\/braun-klabes.de\/index.php?rest_route=\/wp\/v2\/media\/921"}],"wp:attachment":[{"href":"https:\/\/braun-klabes.de\/index.php?rest_route=%2Fwp%2Fv2%2Fmedia&parent=894"}],"curies":[{"name":"wp","href":"https:\/\/api.w.org\/{rel}","templated":true}]}}