{"id":903,"date":"2020-01-19T22:38:45","date_gmt":"2020-01-19T22:38:45","guid":{"rendered":"https:\/\/braun-klabes.de\/?page_id=903"},"modified":"2020-01-19T22:48:37","modified_gmt":"2020-01-19T22:48:37","slug":"mantrailing","status":"publish","type":"page","link":"https:\/\/braun-klabes.de\/?page_id=903","title":{"rendered":"Mantrailing"},"content":{"rendered":"<p><a href=\"https:\/\/braun-klabes.de\/?page_id=689\">&lt;&lt;&lt; zur\u00fcck zur Kurs\u00fcbersicht<\/a><\/p>\n<p>Hat Sie die Suchleidenschaft gepackt? Den eigenen Hund beim Suchen und Finden zu beobachten ist ein aufregendes Erlebnis. Bei jeder Suche steigert sich das Verst\u00e4ndnis: der Mensch lernt den Hund zu verstehen und zu f\u00fchren ohne abzulenken.<\/p>\n<h1>Von der Schn\u00fcffelnase zum ernsthaften Suchhund<\/h1>\n<p>Der Hund setzt sein F\u00e4higkeiten gezielt und mit Freude ein. F\u00fcr diesen Reifungsprozess organisiert und begleitet ein Fachmann jede Suche. Erfolgserlebnisse und eine schrittweise Steigerung des Schwierigkeitsgrades garantieren so ein gemeinsames, positives Erlebnis f\u00fcr Mensch und Hund. Riechen und finden. Die Suche nach Menschen, abgeleitet vom Rettungshund, ist eine sinnvolle Besch\u00e4ftigungsaktivit\u00e4t f\u00fcr den Hund. Hunde k\u00f6nnen um ein Vielfaches (rund 1000-mal) besser riechen und werden bei der Suche k\u00f6rperlich und geistig stark gefordert. Die Suche ist ideal f\u00fcr &#8222;Sp\u00fcrnasen&#8220;. Hat ein Hund eine sehr gute Nase, so sollte dies auch geschult werden. Der Schnupperkurs ist dann eine optimale Auslastung und sorgt nicht nur bei Ihrem Hund f\u00fcr ordentlich Bewegung. Der Kurs findet in verschiedenen Gruppen je einmal in der Woche statt. So k\u00f6nnen Sie w\u00e4hlen, welcher Termin am besten in Ihren Zeitplan passt.<\/p>\n<p><a href=\"https:\/\/braun-klabes.de\/?page_id=495\" target=\"_blank\" rel=\"noopener noreferrer\">Hier k\u00f6nnen Sie Ihren Hund zum Unterricht anmelden. &gt;&gt;&gt;<\/a><\/p>\n<div id='gallery-1' class='gallery galleryid-903 gallery-columns-8 gallery-size-thumbnail'><figure class='gallery-item'>\n\t\t\t<div class='gallery-icon landscape'>\n\t\t\t\t<a href='https:\/\/braun-klabes.de\/wp-content\/uploads\/2020\/01\/Trailen-und-Aportieren-im-Herbst_2.jpg'><img loading=\"lazy\" decoding=\"async\" width=\"300\" height=\"300\" src=\"https:\/\/braun-klabes.de\/wp-content\/uploads\/2020\/01\/Trailen-und-Aportieren-im-Herbst_2-300x300.jpg\" class=\"attachment-thumbnail size-thumbnail\" alt=\"\" srcset=\"https:\/\/braun-klabes.de\/wp-content\/uploads\/2020\/01\/Trailen-und-Aportieren-im-Herbst_2-300x300.jpg 300w, https:\/\/braun-klabes.de\/wp-content\/uploads\/2020\/01\/Trailen-und-Aportieren-im-Herbst_2-1024x1024.jpg 1024w, https:\/\/braun-klabes.de\/wp-content\/uploads\/2020\/01\/Trailen-und-Aportieren-im-Herbst_2.jpg 1920w, https:\/\/braun-klabes.de\/wp-content\/uploads\/2020\/01\/Trailen-und-Aportieren-im-Herbst_2-70x70.jpg 70w, https:\/\/braun-klabes.de\/wp-content\/uploads\/2020\/01\/Trailen-und-Aportieren-im-Herbst_2-600x600.jpg 600w, https:\/\/braun-klabes.de\/wp-content\/uploads\/2020\/01\/Trailen-und-Aportieren-im-Herbst_2-100x100.jpg 100w\" sizes=\"(max-width: 300px) 100vw, 300px\" \/><\/a>\n\t\t\t<\/div><\/figure><figure class='gallery-item'>\n\t\t\t<div class='gallery-icon landscape'>\n\t\t\t\t<a href='https:\/\/braun-klabes.de\/wp-content\/uploads\/2020\/01\/Trailen-und-Aportieren-im-Herbst_3.jpg'><img loading=\"lazy\" decoding=\"async\" width=\"300\" height=\"300\" src=\"https:\/\/braun-klabes.de\/wp-content\/uploads\/2020\/01\/Trailen-und-Aportieren-im-Herbst_3-300x300.jpg\" class=\"attachment-thumbnail size-thumbnail\" alt=\"\" srcset=\"https:\/\/braun-klabes.de\/wp-content\/uploads\/2020\/01\/Trailen-und-Aportieren-im-Herbst_3-300x300.jpg 300w, https:\/\/braun-klabes.de\/wp-content\/uploads\/2020\/01\/Trailen-und-Aportieren-im-Herbst_3-1024x1024.jpg 1024w, https:\/\/braun-klabes.de\/wp-content\/uploads\/2020\/01\/Trailen-und-Aportieren-im-Herbst_3.jpg 1920w, https:\/\/braun-klabes.de\/wp-content\/uploads\/2020\/01\/Trailen-und-Aportieren-im-Herbst_3-70x70.jpg 70w, https:\/\/braun-klabes.de\/wp-content\/uploads\/2020\/01\/Trailen-und-Aportieren-im-Herbst_3-600x600.jpg 600w, https:\/\/braun-klabes.de\/wp-content\/uploads\/2020\/01\/Trailen-und-Aportieren-im-Herbst_3-100x100.jpg 100w\" sizes=\"(max-width: 300px) 100vw, 300px\" \/><\/a>\n\t\t\t<\/div><\/figure><figure class='gallery-item'>\n\t\t\t<div class='gallery-icon landscape'>\n\t\t\t\t<a href='https:\/\/braun-klabes.de\/wp-content\/uploads\/2020\/01\/Trailen-und-Aportieren-im-Herbst_4.jpg'><img loading=\"lazy\" decoding=\"async\" width=\"300\" height=\"300\" src=\"https:\/\/braun-klabes.de\/wp-content\/uploads\/2020\/01\/Trailen-und-Aportieren-im-Herbst_4-300x300.jpg\" class=\"attachment-thumbnail size-thumbnail\" alt=\"\" srcset=\"https:\/\/braun-klabes.de\/wp-content\/uploads\/2020\/01\/Trailen-und-Aportieren-im-Herbst_4-300x300.jpg 300w, https:\/\/braun-klabes.de\/wp-content\/uploads\/2020\/01\/Trailen-und-Aportieren-im-Herbst_4-1024x1024.jpg 1024w, https:\/\/braun-klabes.de\/wp-content\/uploads\/2020\/01\/Trailen-und-Aportieren-im-Herbst_4.jpg 1920w, https:\/\/braun-klabes.de\/wp-content\/uploads\/2020\/01\/Trailen-und-Aportieren-im-Herbst_4-70x70.jpg 70w, https:\/\/braun-klabes.de\/wp-content\/uploads\/2020\/01\/Trailen-und-Aportieren-im-Herbst_4-600x600.jpg 600w, https:\/\/braun-klabes.de\/wp-content\/uploads\/2020\/01\/Trailen-und-Aportieren-im-Herbst_4-100x100.jpg 100w\" sizes=\"(max-width: 300px) 100vw, 300px\" \/><\/a>\n\t\t\t<\/div><\/figure><figure class='gallery-item'>\n\t\t\t<div class='gallery-icon landscape'>\n\t\t\t\t<a href='https:\/\/braun-klabes.de\/wp-content\/uploads\/2020\/01\/Dogs-of-SteinfurtFG9A9155.jpg'><img loading=\"lazy\" decoding=\"async\" width=\"300\" height=\"300\" src=\"https:\/\/braun-klabes.de\/wp-content\/uploads\/2020\/01\/Dogs-of-SteinfurtFG9A9155-300x300.jpg\" class=\"attachment-thumbnail size-thumbnail\" alt=\"\" srcset=\"https:\/\/braun-klabes.de\/wp-content\/uploads\/2020\/01\/Dogs-of-SteinfurtFG9A9155-300x300.jpg 300w, https:\/\/braun-klabes.de\/wp-content\/uploads\/2020\/01\/Dogs-of-SteinfurtFG9A9155-1024x1024.jpg 1024w, https:\/\/braun-klabes.de\/wp-content\/uploads\/2020\/01\/Dogs-of-SteinfurtFG9A9155-70x70.jpg 70w, https:\/\/braun-klabes.de\/wp-content\/uploads\/2020\/01\/Dogs-of-SteinfurtFG9A9155-600x600.jpg 600w, https:\/\/braun-klabes.de\/wp-content\/uploads\/2020\/01\/Dogs-of-SteinfurtFG9A9155-100x100.jpg 100w\" sizes=\"(max-width: 300px) 100vw, 300px\" \/><\/a>\n\t\t\t<\/div><\/figure><figure class='gallery-item'>\n\t\t\t<div class='gallery-icon landscape'>\n\t\t\t\t<a href='https:\/\/braun-klabes.de\/wp-content\/uploads\/2020\/01\/Dogs-of-SteinfurtFG9A9190.jpg'><img loading=\"lazy\" decoding=\"async\" width=\"300\" height=\"300\" src=\"https:\/\/braun-klabes.de\/wp-content\/uploads\/2020\/01\/Dogs-of-SteinfurtFG9A9190-300x300.jpg\" class=\"attachment-thumbnail size-thumbnail\" alt=\"\" srcset=\"https:\/\/braun-klabes.de\/wp-content\/uploads\/2020\/01\/Dogs-of-SteinfurtFG9A9190-300x300.jpg 300w, https:\/\/braun-klabes.de\/wp-content\/uploads\/2020\/01\/Dogs-of-SteinfurtFG9A9190-1024x1024.jpg 1024w, https:\/\/braun-klabes.de\/wp-content\/uploads\/2020\/01\/Dogs-of-SteinfurtFG9A9190-70x70.jpg 70w, https:\/\/braun-klabes.de\/wp-content\/uploads\/2020\/01\/Dogs-of-SteinfurtFG9A9190-600x600.jpg 600w, https:\/\/braun-klabes.de\/wp-content\/uploads\/2020\/01\/Dogs-of-SteinfurtFG9A9190-100x100.jpg 100w\" sizes=\"(max-width: 300px) 100vw, 300px\" \/><\/a>\n\t\t\t<\/div><\/figure><figure class='gallery-item'>\n\t\t\t<div class='gallery-icon landscape'>\n\t\t\t\t<a href='https:\/\/braun-klabes.de\/wp-content\/uploads\/2020\/01\/Dogs-of-SteinfurtFG9A8988.jpg'><img loading=\"lazy\" decoding=\"async\" width=\"300\" height=\"300\" src=\"https:\/\/braun-klabes.de\/wp-content\/uploads\/2020\/01\/Dogs-of-SteinfurtFG9A8988-300x300.jpg\" class=\"attachment-thumbnail size-thumbnail\" alt=\"\" srcset=\"https:\/\/braun-klabes.de\/wp-content\/uploads\/2020\/01\/Dogs-of-SteinfurtFG9A8988-300x300.jpg 300w, https:\/\/braun-klabes.de\/wp-content\/uploads\/2020\/01\/Dogs-of-SteinfurtFG9A8988-1024x1024.jpg 1024w, https:\/\/braun-klabes.de\/wp-content\/uploads\/2020\/01\/Dogs-of-SteinfurtFG9A8988-70x70.jpg 70w, https:\/\/braun-klabes.de\/wp-content\/uploads\/2020\/01\/Dogs-of-SteinfurtFG9A8988-600x600.jpg 600w, https:\/\/braun-klabes.de\/wp-content\/uploads\/2020\/01\/Dogs-of-SteinfurtFG9A8988-100x100.jpg 100w\" sizes=\"(max-width: 300px) 100vw, 300px\" \/><\/a>\n\t\t\t<\/div><\/figure><figure class='gallery-item'>\n\t\t\t<div class='gallery-icon landscape'>\n\t\t\t\t<a href='https:\/\/braun-klabes.de\/wp-content\/uploads\/2020\/01\/Dogs-of-SteinfurtFG9A8958.jpg'><img loading=\"lazy\" decoding=\"async\" width=\"300\" height=\"300\" src=\"https:\/\/braun-klabes.de\/wp-content\/uploads\/2020\/01\/Dogs-of-SteinfurtFG9A8958-300x300.jpg\" class=\"attachment-thumbnail size-thumbnail\" alt=\"\" srcset=\"https:\/\/braun-klabes.de\/wp-content\/uploads\/2020\/01\/Dogs-of-SteinfurtFG9A8958-300x300.jpg 300w, https:\/\/braun-klabes.de\/wp-content\/uploads\/2020\/01\/Dogs-of-SteinfurtFG9A8958-1024x1024.jpg 1024w, https:\/\/braun-klabes.de\/wp-content\/uploads\/2020\/01\/Dogs-of-SteinfurtFG9A8958-70x70.jpg 70w, https:\/\/braun-klabes.de\/wp-content\/uploads\/2020\/01\/Dogs-of-SteinfurtFG9A8958-600x600.jpg 600w, https:\/\/braun-klabes.de\/wp-content\/uploads\/2020\/01\/Dogs-of-SteinfurtFG9A8958-100x100.jpg 100w\" sizes=\"(max-width: 300px) 100vw, 300px\" \/><\/a>\n\t\t\t<\/div><\/figure><figure class='gallery-item'>\n\t\t\t<div class='gallery-icon landscape'>\n\t\t\t\t<a href='https:\/\/braun-klabes.de\/wp-content\/uploads\/2020\/01\/Dogs-of-SteinfurtFG9A8922.jpg'><img loading=\"lazy\" decoding=\"async\" width=\"300\" height=\"300\" src=\"https:\/\/braun-klabes.de\/wp-content\/uploads\/2020\/01\/Dogs-of-SteinfurtFG9A8922-300x300.jpg\" class=\"attachment-thumbnail size-thumbnail\" alt=\"\" srcset=\"https:\/\/braun-klabes.de\/wp-content\/uploads\/2020\/01\/Dogs-of-SteinfurtFG9A8922-300x300.jpg 300w, https:\/\/braun-klabes.de\/wp-content\/uploads\/2020\/01\/Dogs-of-SteinfurtFG9A8922-1024x1024.jpg 1024w, https:\/\/braun-klabes.de\/wp-content\/uploads\/2020\/01\/Dogs-of-SteinfurtFG9A8922-70x70.jpg 70w, https:\/\/braun-klabes.de\/wp-content\/uploads\/2020\/01\/Dogs-of-SteinfurtFG9A8922-600x600.jpg 600w, https:\/\/braun-klabes.de\/wp-content\/uploads\/2020\/01\/Dogs-of-SteinfurtFG9A8922-100x100.jpg 100w\" sizes=\"(max-width: 300px) 100vw, 300px\" \/><\/a>\n\t\t\t<\/div><\/figure>\n\t\t<\/div>\n\n<p>&nbsp;<\/p>\n","protected":false},"excerpt":{"rendered":"<p>&lt;&lt;&lt; zur\u00fcck zur Kurs\u00fcbersicht Hat Sie die Suchleidenschaft gepackt? Den eigenen Hund beim Suchen und Finden zu beobachten ist ein aufregendes Erlebnis. Bei jeder Suche steigert sich das Verst\u00e4ndnis: der<\/p>\n<p class=\"more-link\"><a href=\"https:\/\/braun-klabes.de\/?page_id=903\" class=\"readmore\">Read More<svg class=\"icon icon-angle-right\" aria-hidden=\"true\" role=\"img\"> <use href=\"#icon-angle-right\" xlink:href=\"#icon-angle-right\"><\/use> <\/svg><span class=\"screen-reader-text\">Mantrailing<\/span><\/a><\/p>\n","protected":false},"author":1,"featured_media":904,"parent":0,"menu_order":0,"comment_status":"closed","ping_status":"closed","template":"","meta":{"footnotes":""},"_links":{"self":[{"href":"https:\/\/braun-klabes.de\/index.php?rest_route=\/wp\/v2\/pages\/903"}],"collection":[{"href":"https:\/\/braun-klabes.de\/index.php?rest_route=\/wp\/v2\/pages"}],"about":[{"href":"https:\/\/braun-klabes.de\/index.php?rest_route=\/wp\/v2\/types\/page"}],"author":[{"embeddable":true,"href":"https:\/\/braun-klabes.de\/index.php?rest_route=\/wp\/v2\/users\/1"}],"replies":[{"embeddable":true,"href":"https:\/\/braun-klabes.de\/index.php?rest_route=%2Fwp%2Fv2%2Fcomments&post=903"}],"version-history":[{"count":3,"href":"https:\/\/braun-klabes.de\/index.php?rest_route=\/wp\/v2\/pages\/903\/revisions"}],"predecessor-version":[{"id":923,"href":"https:\/\/braun-klabes.de\/index.php?rest_route=\/wp\/v2\/pages\/903\/revisions\/923"}],"wp:featuredmedia":[{"embeddable":true,"href":"https:\/\/braun-klabes.de\/index.php?rest_route=\/wp\/v2\/media\/904"}],"wp:attachment":[{"href":"https:\/\/braun-klabes.de\/index.php?rest_route=%2Fwp%2Fv2%2Fmedia&parent=903"}],"curies":[{"name":"wp","href":"https:\/\/api.w.org\/{rel}","templated":true}]}}